{"id":165,"date":"2021-01-28T22:42:12","date_gmt":"2021-01-29T01:42:12","guid":{"rendered":"http:\/\/manducasimoes.com.br\/?page_id=165"},"modified":"2021-01-29T00:05:43","modified_gmt":"2021-01-29T03:05:43","slug":"papos-de-almanaque","status":"publish","type":"page","link":"https:\/\/manducasimoes.com.br\/index.php\/papos-de-almanaque\/","title":{"rendered":"Papos de almanaque"},"content":{"rendered":"\n<p class=\"has-dark-gray-color has-text-color has-background\" style=\"background-color:#d76a42\">J\u00e1 teve&#8230;oportunidades deliciosas de observar (e cometer) trapalhadas na comunica\u00e7\u00e3o interpessoal? Tento aqui lembrar de algumas dessas confus\u00f5es, descrev\u00ea-las com olhar vagamente impressionista e buscar extrair-lhes algo em termos de bom humor. Ser\u00e1 que o fa\u00e7o com <s>plena<\/s> fidelidade ou como estratagema para fantasias? Espero que voc\u00ea aceite o encargo de julgar, porque isto indicaria predisposi\u00e7\u00e3o (suscet\u00edvel de arrependimento a qualquer hora, \u00e9 bem verdade) a ler, se n\u00e3o tudo, pelo menos fra\u00e7\u00f5es da narrativa.<\/p>\n","protected":false},"excerpt":{"rendered":"<p>J\u00e1 teve&#8230;oportunidades deliciosas de observar (e cometer) trapalhadas na comunica\u00e7\u00e3o interpessoal? Tento aqui lembrar de algumas dessas confus\u00f5es, descrev\u00ea-las com olhar vagamente impressionista e buscar extrair-lhes algo em termos de bom humor. Ser\u00e1 que o fa\u00e7o com plena fidelidade ou como estratagema para fantasias? Espero que voc\u00ea aceite o encargo de julgar, porque isto indicaria &hellip; <a href=\"https:\/\/manducasimoes.com.br\/index.php\/papos-de-almanaque\/\" class=\"more-link\">Continue lendo <span class=\"screen-reader-text\">Papos de almanaque<\/span> <span class=\"meta-nav\">&rarr;<\/span><\/a><\/p>\n","protected":false},"author":1,"featured_media":0,"parent":0,"menu_order":0,"comment_status":"closed","ping_status":"closed","template":"","meta":{"_monsterinsights_skip_tracking":false,"_monsterinsights_sitenote_active":false,"_monsterinsights_sitenote_note":"","_monsterinsights_sitenote_category":0},"_links":{"self":[{"href":"https:\/\/manducasimoes.com.br\/index.php\/wp-json\/wp\/v2\/pages\/165"}],"collection":[{"href":"https:\/\/manducasimoes.com.br\/index.php\/wp-json\/wp\/v2\/pages"}],"about":[{"href":"https:\/\/manducasimoes.com.br\/index.php\/wp-json\/wp\/v2\/types\/page"}],"author":[{"embeddable":true,"href":"https:\/\/manducasimoes.com.br\/index.php\/wp-json\/wp\/v2\/users\/1"}],"replies":[{"embeddable":true,"href":"https:\/\/manducasimoes.com.br\/index.php\/wp-json\/wp\/v2\/comments?post=165"}],"version-history":[{"count":3,"href":"https:\/\/manducasimoes.com.br\/index.php\/wp-json\/wp\/v2\/pages\/165\/revisions"}],"predecessor-version":[{"id":183,"href":"https:\/\/manducasimoes.com.br\/index.php\/wp-json\/wp\/v2\/pages\/165\/revisions\/183"}],"wp:attachment":[{"href":"https:\/\/manducasimoes.com.br\/index.php\/wp-json\/wp\/v2\/media?parent=165"}],"curies":[{"name":"wp","href":"https:\/\/api.w.org\/{rel}","templated":true}]}}