{"id":5,"date":"2021-01-22T22:28:22","date_gmt":"2021-01-23T01:28:22","guid":{"rendered":"http:\/\/manducasimoes.com.br\/?page_id=5"},"modified":"2021-04-23T22:21:47","modified_gmt":"2021-04-24T01:21:47","slug":"como-dizer-tudo-com-6-palavras","status":"publish","type":"page","link":"https:\/\/manducasimoes.com.br\/index.php\/midiateca\/como-dizer-tudo-com-6-palavras\/","title":{"rendered":"Ora (direis), soltar palavras"},"content":{"rendered":"\n<h2 class=\"alignfull has-text-align-center has-text-color\" style=\"color:#105e28\">charadas, trocadilhos, <br>prov\u00e9rbios adulterados<br>e brincadeiras sob disfarce de aldravias.<\/h2>\n\n\n\n<p class=\"has-text-align-left\">O t\u00edtulo desse livro do Manduca \u00e9 duplamente ardiloso. Insinua o oferecimento de uma colet\u00e2nea de aut\u00eanticos poemetos. Na verdade, apenas cont\u00e9m exerc\u00edcios e folguedos frouxamente balizados por modelo compacto de poesia. Ademais, h\u00e1 heresia na evoca\u00e7\u00e3o de Olavo Bilac. Aqui n\u00e3o prevalecem pretens\u00f5es de rigor formal ou lirismo arrebatador. Em esp\u00edrito moleque, a\u00ed v\u00e3o charadas, trocadilhos, prov\u00e9rbios adulterados e outras brincadeiras sob disfarce de aldravias.<\/p>\n\n\n\n<h3 class=\"alignwide has-text-align-center has-text-align-wide has-gigantic-font-size\" style=\"line-height:1.1\">Um convite para dizer tudo em 6 palavras.<\/h3>\n\n\n\n<h3 class=\"alignwide has-text-align-center has-text-align-wide has-gigantic-font-size\" style=\"line-height:1.1\">6 palavras-verso.<\/h3>\n\n\n\n<div class=\"wp-block-columns\">\n<div class=\"wp-block-column is-vertically-aligned-center\" style=\"flex-basis:350000%\">\n<div class=\"wp-block-columns alignwide are-vertically-aligned-center is-style-twentytwentyone-columns-overlap\">\n<div class=\"wp-block-column is-vertically-aligned-center\" style=\"flex-basis:10000000%\">\n<div class=\"wp-block-group alignwide\"><div class=\"wp-block-group__inner-container\">\n<div class=\"wp-block-columns\">\n<div class=\"wp-block-column\" style=\"flex-basis:33.34%\">\n<figure class=\"wp-block-image alignwide size-large is-style-default\"><img loading=\"lazy\" width=\"722\" height=\"606\" src=\"http:\/\/manducasimoes.com.br\/wp-content\/uploads\/2021\/01\/Comodizer-edited.png\" alt=\"\" class=\"wp-image-88\" srcset=\"https:\/\/manducasimoes.com.br\/wp-content\/uploads\/2021\/01\/Comodizer-edited.png 722w, https:\/\/manducasimoes.com.br\/wp-content\/uploads\/2021\/01\/Comodizer-edited-300x252.png 300w\" sizes=\"(max-width: 722px) 100vw, 722px\" \/><\/figure>\n<\/div>\n\n\n\n<div class=\"wp-block-column\" style=\"flex-basis:33.34%\">\n<figure class=\"wp-block-image alignfull size-large size-full is-style-twentytwentyone-border\"><img loading=\"lazy\" width=\"769\" height=\"646\" src=\"http:\/\/manducasimoes.com.br\/wp-content\/uploads\/2021\/01\/aRuaUrra-edited.png\" alt=\"\" class=\"wp-image-89\" srcset=\"https:\/\/manducasimoes.com.br\/wp-content\/uploads\/2021\/01\/aRuaUrra-edited.png 769w, https:\/\/manducasimoes.com.br\/wp-content\/uploads\/2021\/01\/aRuaUrra-edited-300x252.png 300w\" sizes=\"(max-width: 769px) 100vw, 769px\" \/><\/figure>\n<\/div>\n\n\n\n<div class=\"wp-block-column\" style=\"flex-basis:33.33%\">\n<figure class=\"wp-block-image alignfull size-large\"><img loading=\"lazy\" width=\"739\" height=\"620\" src=\"http:\/\/manducasimoes.com.br\/wp-content\/uploads\/2021\/01\/DialetoAmoroso-edited.png\" alt=\"\" class=\"wp-image-90\" srcset=\"https:\/\/manducasimoes.com.br\/wp-content\/uploads\/2021\/01\/DialetoAmoroso-edited.png 739w, https:\/\/manducasimoes.com.br\/wp-content\/uploads\/2021\/01\/DialetoAmoroso-edited-300x252.png 300w\" sizes=\"(max-width: 739px) 100vw, 739px\" \/><\/figure>\n<\/div>\n<\/div>\n<\/div><\/div>\n\n\n\n<div class=\"wp-block-columns\">\n<div class=\"wp-block-column\"><\/div>\n\n\n\n<div class=\"wp-block-column\"><\/div>\n<\/div>\n<\/div>\n<\/div>\n<\/div>\n<\/div>\n\n\n\n<div class=\"wp-block-columns alignwide are-vertically-aligned-top\">\n<div class=\"wp-block-column is-vertically-aligned-top\" style=\"flex-basis:30%\">\n<h3>Que hist\u00f3ria \u00e9 essa de <br>aldravias?<\/h3>\n\n\n\n<p>Os c\u00e2nones do formato po\u00e9tico aldravia, em sua express\u00e3o mais simples, compreendem, entre outros, o limite de 6 palavras-verso, sem pontua\u00e7\u00e3o, letra capitular ou t\u00edtulo.<\/p>\n<\/div>\n\n\n\n<div class=\"wp-block-column is-vertically-aligned-top\" style=\"flex-basis:30%\">\n<h3>&#8220;Polinizar&#8221; <br>aldravias<\/h3>\n\n\n\n<p>Essas regras, enganosamente liberais, favorecem uma desejada polifonia, cada enunciado podendo abrigar, em intertextualidade, vis\u00f5es n\u00e3o apenas do autor, como, tamb\u00e9m, do leitor e de outros escritos. Nessa dimens\u00e3o &#8220;polinizadora&#8221; das aldravias, cabem at\u00e9 a incerteza de absurdos.<\/p>\n<\/div>\n\n\n\n<div class=\"wp-block-column is-vertically-aligned-top\" style=\"flex-basis:30%\">\n<h3>Obra aberta<\/h3>\n\n\n\n<p>A f\u00f3rmula \u00e9 fascinante, propensa a oferecer a multiplicidade de interpreta\u00e7\u00f5es de uma obra aberta. Acrescente-se o ingrediente de enganosa (?) facilidade de constru\u00e7\u00e3o e a tenta\u00e7\u00e3o do mergulho se torna irresist\u00edvel. Estou caindo nesse mar.<\/p>\n<\/div>\n<\/div>\n\n\n\n<div class=\"wp-block-image\"><figure class=\"alignright size-full\"><img loading=\"lazy\" width=\"500\" height=\"386\" src=\"http:\/\/manducasimoes.com.br\/wp-content\/uploads\/2021\/01\/Cai-me-1.jpg\" alt=\"\" class=\"wp-image-57\" srcset=\"https:\/\/manducasimoes.com.br\/wp-content\/uploads\/2021\/01\/Cai-me-1.jpg 500w, https:\/\/manducasimoes.com.br\/wp-content\/uploads\/2021\/01\/Cai-me-1-300x232.jpg 300w\" sizes=\"(max-width: 500px) 100vw, 500px\" \/><\/figure><\/div>\n","protected":false},"excerpt":{"rendered":"<p>charadas, trocadilhos, prov\u00e9rbios adulteradose brincadeiras sob disfarce de aldravias. O t\u00edtulo desse livro do Manduca \u00e9 duplamente ardiloso. Insinua o oferecimento de uma colet\u00e2nea de aut\u00eanticos poemetos. Na verdade, apenas cont\u00e9m exerc\u00edcios e folguedos frouxamente balizados por modelo compacto de poesia. Ademais, h\u00e1 heresia na evoca\u00e7\u00e3o de Olavo Bilac. Aqui n\u00e3o prevalecem pretens\u00f5es de rigor &hellip; <a href=\"https:\/\/manducasimoes.com.br\/index.php\/midiateca\/como-dizer-tudo-com-6-palavras\/\" class=\"more-link\">Continue lendo <span class=\"screen-reader-text\">Ora (direis), soltar palavras<\/span> <span class=\"meta-nav\">&rarr;<\/span><\/a><\/p>\n","protected":false},"author":1,"featured_media":0,"parent":43,"menu_order":3,"comment_status":"closed","ping_status":"closed","template":"","meta":{"_monsterinsights_skip_tracking":false,"_monsterinsights_sitenote_active":false,"_monsterinsights_sitenote_note":"","_monsterinsights_sitenote_category":0},"_links":{"self":[{"href":"https:\/\/manducasimoes.com.br\/index.php\/wp-json\/wp\/v2\/pages\/5"}],"collection":[{"href":"https:\/\/manducasimoes.com.br\/index.php\/wp-json\/wp\/v2\/pages"}],"about":[{"href":"https:\/\/manducasimoes.com.br\/index.php\/wp-json\/wp\/v2\/types\/page"}],"author":[{"embeddable":true,"href":"https:\/\/manducasimoes.com.br\/index.php\/wp-json\/wp\/v2\/users\/1"}],"replies":[{"embeddable":true,"href":"https:\/\/manducasimoes.com.br\/index.php\/wp-json\/wp\/v2\/comments?post=5"}],"version-history":[{"count":20,"href":"https:\/\/manducasimoes.com.br\/index.php\/wp-json\/wp\/v2\/pages\/5\/revisions"}],"predecessor-version":[{"id":189,"href":"https:\/\/manducasimoes.com.br\/index.php\/wp-json\/wp\/v2\/pages\/5\/revisions\/189"}],"up":[{"embeddable":true,"href":"https:\/\/manducasimoes.com.br\/index.php\/wp-json\/wp\/v2\/pages\/43"}],"wp:attachment":[{"href":"https:\/\/manducasimoes.com.br\/index.php\/wp-json\/wp\/v2\/media?parent=5"}],"curies":[{"name":"wp","href":"https:\/\/api.w.org\/{rel}","templated":true}]}}