{"id":7,"date":"2021-01-22T22:28:22","date_gmt":"2021-01-23T01:28:22","guid":{"rendered":"http:\/\/manducasimoes.com.br\/?page_id=7"},"modified":"2021-01-23T23:28:35","modified_gmt":"2021-01-24T02:28:35","slug":"contact","status":"publish","type":"page","link":"https:\/\/manducasimoes.com.br\/index.php\/contact\/","title":{"rendered":"Escuta Manduca"},"content":{"rendered":"\n<div class=\"wp-block-columns\">\n<div class=\"wp-block-column\" style=\"flex-basis:66.66%\">\n<p>Nascido antes do fim da 2\u00aa Guerra Mundial, apaixonado por hist\u00f3ria, cinema, livros, m\u00fasica, anedotas, amigos do peito, queijo, vinho, futebol e whisky de puro malte. Tem prole numerosa, viveu em muitos pa\u00edses, cultiva uma curiosidade m\u00faltipla. Come\u00e7ou a escrever e n\u00e3o parou mais porque gosta mesmo \u00e9 de ouvir e contar hist\u00f3rias&#8230;<\/p>\n\n\n\n<p>Gostaria de deixar alguma mensagem, ideia ou sugest\u00e3o?<\/p>\n\n\n<div class=\"wpforms-container wpforms-container-full\" id=\"wpforms-61\"><form id=\"wpforms-form-61\" class=\"wpforms-validate wpforms-form\" data-formid=\"61\" method=\"post\" enctype=\"multipart\/form-data\" action=\"\/index.php\/wp-json\/wp\/v2\/pages\/7\" data-token=\"0759166226c6c41c23a6e423b5c9a612\"><noscript class=\"wpforms-error-noscript\">Ative o JavaScript no seu navegador para preencher este formul\u00e1rio.<\/noscript><div class=\"wpforms-field-container\"><div id=\"wpforms-61-field_0-container\" class=\"wpforms-field wpforms-field-name\" data-field-id=\"0\"><label class=\"wpforms-field-label\" for=\"wpforms-61-field_0\">Nome <span class=\"wpforms-required-label\">*<\/span><\/label><div class=\"wpforms-field-row wpforms-field-medium\"><div class=\"wpforms-field-row-block wpforms-first wpforms-one-half\"><input type=\"text\" id=\"wpforms-61-field_0\" class=\"wpforms-field-name-first wpforms-field-required\" name=\"wpforms[fields][0][first]\" required><label for=\"wpforms-61-field_0\" class=\"wpforms-field-sublabel after \">Nome<\/label><\/div><div class=\"wpforms-field-row-block wpforms-one-half\"><input type=\"text\" id=\"wpforms-61-field_0-last\" class=\"wpforms-field-name-last wpforms-field-required\" name=\"wpforms[fields][0][last]\" required><label for=\"wpforms-61-field_0-last\" class=\"wpforms-field-sublabel after \">Sobrenome<\/label><\/div><\/div><\/div><div id=\"wpforms-61-field_1-container\" class=\"wpforms-field wpforms-field-email\" data-field-id=\"1\"><label class=\"wpforms-field-label\" for=\"wpforms-61-field_1\">E-mail <span class=\"wpforms-required-label\">*<\/span><\/label><input type=\"email\" id=\"wpforms-61-field_1\" class=\"wpforms-field-medium wpforms-field-required\" name=\"wpforms[fields][1]\" required><div class=\"wpforms-field-description\">Digite seu e-mail, para que eu possa conversar com voc\u00ea.<\/div><\/div><div id=\"wpforms-61-field_3-container\" class=\"wpforms-field wpforms-field-text\" data-field-id=\"3\"><label class=\"wpforms-field-label\" for=\"wpforms-61-field_3\">Assunto <span class=\"wpforms-required-label\">*<\/span><\/label><input type=\"text\" id=\"wpforms-61-field_3\" class=\"wpforms-field-medium wpforms-field-required\" name=\"wpforms[fields][3]\" required><\/div><div id=\"wpforms-61-field_4-container\" class=\"wpforms-field wpforms-field-textarea\" data-field-id=\"4\"><label class=\"wpforms-field-label\" for=\"wpforms-61-field_4\">Mensagem <span class=\"wpforms-required-label\">*<\/span><\/label><textarea id=\"wpforms-61-field_4\" class=\"wpforms-field-medium wpforms-field-required\" name=\"wpforms[fields][4]\" required><\/textarea><\/div><\/div><div class=\"wpforms-submit-container\" ><input type=\"hidden\" name=\"wpforms[id]\" value=\"61\"><input type=\"hidden\" name=\"wpforms[author]\" value=\"1\"><button type=\"submit\" name=\"wpforms[submit]\" class=\"wpforms-submit \" id=\"wpforms-submit-61\" value=\"wpforms-submit\" aria-live=\"assertive\" data-alt-text=\"Mandando...\" data-submit-text=\"Manda\">Manda<\/button><\/div><\/form><\/div>  <!-- .wpforms-container --><\/div>\n\n\n\n<div class=\"wp-block-column\" style=\"flex-basis:33.33%\">\n<figure class=\"wp-block-gallery columns-1 is-cropped\"><ul class=\"blocks-gallery-grid\"><li class=\"blocks-gallery-item\"><figure><img loading=\"lazy\" width=\"339\" height=\"656\" src=\"http:\/\/manducasimoes.com.br\/wp-content\/uploads\/2021\/01\/bocainaberta.jpg\" alt=\"\" data-id=\"48\" data-full-url=\"http:\/\/manducasimoes.com.br\/wp-content\/uploads\/2021\/01\/bocainaberta.jpg\" data-link=\"http:\/\/manducasimoes.com.br\/index.php\/contact\/bocainaberta\/\" class=\"wp-image-48\" srcset=\"https:\/\/manducasimoes.com.br\/wp-content\/uploads\/2021\/01\/bocainaberta.jpg 339w, https:\/\/manducasimoes.com.br\/wp-content\/uploads\/2021\/01\/bocainaberta-155x300.jpg 155w\" sizes=\"(max-width: 339px) 100vw, 339px\" \/><\/figure><\/li><\/ul><\/figure>\n<\/div>\n<\/div>\n\n\n\n<ul class=\"wp-block-social-links is-style-default\"><\/ul>\n\n\n\n<p><\/p>\n","protected":false},"excerpt":{"rendered":"<p>Nascido antes do fim da 2\u00aa Guerra Mundial, apaixonado por hist\u00f3ria, cinema, livros, m\u00fasica, anedotas, amigos do peito, queijo, vinho, futebol e whisky de puro malte. Tem prole numerosa, viveu em muitos pa\u00edses, cultiva uma curiosidade m\u00faltipla. Come\u00e7ou a escrever e n\u00e3o parou mais porque gosta mesmo \u00e9 de ouvir e contar hist\u00f3rias&#8230; Gostaria de &hellip; <a href=\"https:\/\/manducasimoes.com.br\/index.php\/contact\/\" class=\"more-link\">Continue lendo <span class=\"screen-reader-text\">Escuta Manduca<\/span> <span class=\"meta-nav\">&rarr;<\/span><\/a><\/p>\n","protected":false},"author":1,"featured_media":0,"parent":0,"menu_order":0,"comment_status":"closed","ping_status":"closed","template":"","meta":{"_monsterinsights_skip_tracking":false,"_monsterinsights_sitenote_active":false,"_monsterinsights_sitenote_note":"","_monsterinsights_sitenote_category":0},"_links":{"self":[{"href":"https:\/\/manducasimoes.com.br\/index.php\/wp-json\/wp\/v2\/pages\/7"}],"collection":[{"href":"https:\/\/manducasimoes.com.br\/index.php\/wp-json\/wp\/v2\/pages"}],"about":[{"href":"https:\/\/manducasimoes.com.br\/index.php\/wp-json\/wp\/v2\/types\/page"}],"author":[{"embeddable":true,"href":"https:\/\/manducasimoes.com.br\/index.php\/wp-json\/wp\/v2\/users\/1"}],"replies":[{"embeddable":true,"href":"https:\/\/manducasimoes.com.br\/index.php\/wp-json\/wp\/v2\/comments?post=7"}],"version-history":[{"count":7,"href":"https:\/\/manducasimoes.com.br\/index.php\/wp-json\/wp\/v2\/pages\/7\/revisions"}],"predecessor-version":[{"id":75,"href":"https:\/\/manducasimoes.com.br\/index.php\/wp-json\/wp\/v2\/pages\/7\/revisions\/75"}],"wp:attachment":[{"href":"https:\/\/manducasimoes.com.br\/index.php\/wp-json\/wp\/v2\/media?parent=7"}],"curies":[{"name":"wp","href":"https:\/\/api.w.org\/{rel}","templated":true}]}}