{"id":95,"date":"2021-01-23T22:19:48","date_gmt":"2021-01-24T01:19:48","guid":{"rendered":"http:\/\/manducasimoes.com.br\/?page_id=95"},"modified":"2021-01-23T23:05:05","modified_gmt":"2021-01-24T02:05:05","slug":"xotes-e-xodos-de-uma-inglesa-tijucana","status":"publish","type":"page","link":"https:\/\/manducasimoes.com.br\/index.php\/midiateca\/xotes-e-xodos-de-uma-inglesa-tijucana\/","title":{"rendered":"Xotes e Xod\u00f3s de uma Inglesa Tijucana"},"content":{"rendered":"\n<p>Nessas cr\u00f4nicas, de estreia da Dida, vou colorindo momentos de conversa com trechos de filmes, livros e letras de m\u00fasicas. Comparti-los tem algo de ego\u00edsta, pelo prazer evocativo da reincid\u00eancia, mas, tamb\u00e9m, de pretendida largueza: espalhar pistas, ao estilo Jo\u00e3ozinho e Maria, para a visita alheia do que considero genu\u00ednos \u201clugares geom\u00e9tricos\u201d de beleza e emo\u00e7\u00e3o.<\/p>\n\n\n\n<div class=\"wp-block-image\"><figure class=\"aligncenter size-large is-resized\"><img loading=\"lazy\" src=\"http:\/\/manducasimoes.com.br\/wp-content\/uploads\/2021\/01\/AbreDida1-1024x1024.jpg\" alt=\"\" class=\"wp-image-96\" width=\"322\" height=\"322\" srcset=\"https:\/\/manducasimoes.com.br\/wp-content\/uploads\/2021\/01\/AbreDida1-1024x1024.jpg 1024w, https:\/\/manducasimoes.com.br\/wp-content\/uploads\/2021\/01\/AbreDida1-300x300.jpg 300w, https:\/\/manducasimoes.com.br\/wp-content\/uploads\/2021\/01\/AbreDida1-150x150.jpg 150w, https:\/\/manducasimoes.com.br\/wp-content\/uploads\/2021\/01\/AbreDida1-768x768.jpg 768w, https:\/\/manducasimoes.com.br\/wp-content\/uploads\/2021\/01\/AbreDida1.jpg 1080w\" sizes=\"(max-width: 322px) 100vw, 322px\" \/><\/figure><\/div>\n","protected":false},"excerpt":{"rendered":"<p>Nessas cr\u00f4nicas, de estreia da Dida, vou colorindo momentos de conversa com trechos de filmes, livros e letras de m\u00fasicas. Comparti-los tem algo de ego\u00edsta, pelo prazer evocativo da reincid\u00eancia, mas, tamb\u00e9m, de pretendida largueza: espalhar pistas, ao estilo Jo\u00e3ozinho e Maria, para a visita alheia do que considero genu\u00ednos \u201clugares geom\u00e9tricos\u201d de beleza e &hellip; <a href=\"https:\/\/manducasimoes.com.br\/index.php\/midiateca\/xotes-e-xodos-de-uma-inglesa-tijucana\/\" class=\"more-link\">Continue lendo <span class=\"screen-reader-text\">Xotes e Xod\u00f3s de uma Inglesa Tijucana<\/span> <span class=\"meta-nav\">&rarr;<\/span><\/a><\/p>\n","protected":false},"author":1,"featured_media":37,"parent":43,"menu_order":1,"comment_status":"closed","ping_status":"closed","template":"","meta":{"_monsterinsights_skip_tracking":false,"_monsterinsights_sitenote_active":false,"_monsterinsights_sitenote_note":"","_monsterinsights_sitenote_category":0},"_links":{"self":[{"href":"https:\/\/manducasimoes.com.br\/index.php\/wp-json\/wp\/v2\/pages\/95"}],"collection":[{"href":"https:\/\/manducasimoes.com.br\/index.php\/wp-json\/wp\/v2\/pages"}],"about":[{"href":"https:\/\/manducasimoes.com.br\/index.php\/wp-json\/wp\/v2\/types\/page"}],"author":[{"embeddable":true,"href":"https:\/\/manducasimoes.com.br\/index.php\/wp-json\/wp\/v2\/users\/1"}],"replies":[{"embeddable":true,"href":"https:\/\/manducasimoes.com.br\/index.php\/wp-json\/wp\/v2\/comments?post=95"}],"version-history":[{"count":3,"href":"https:\/\/manducasimoes.com.br\/index.php\/wp-json\/wp\/v2\/pages\/95\/revisions"}],"predecessor-version":[{"id":151,"href":"https:\/\/manducasimoes.com.br\/index.php\/wp-json\/wp\/v2\/pages\/95\/revisions\/151"}],"up":[{"embeddable":true,"href":"https:\/\/manducasimoes.com.br\/index.php\/wp-json\/wp\/v2\/pages\/43"}],"wp:featuredmedia":[{"embeddable":true,"href":"https:\/\/manducasimoes.com.br\/index.php\/wp-json\/wp\/v2\/media\/37"}],"wp:attachment":[{"href":"https:\/\/manducasimoes.com.br\/index.php\/wp-json\/wp\/v2\/media?parent=95"}],"curies":[{"name":"wp","href":"https:\/\/api.w.org\/{rel}","templated":true}]}}