{"id":99,"date":"2021-01-23T21:12:56","date_gmt":"2021-01-24T00:12:56","guid":{"rendered":"http:\/\/manducasimoes.com.br\/?page_id=99"},"modified":"2021-01-23T23:08:04","modified_gmt":"2021-01-24T02:08:04","slug":"uma-inglesa-carioca-em-barafundas-internacionais","status":"publish","type":"page","link":"https:\/\/manducasimoes.com.br\/index.php\/midiateca\/uma-inglesa-carioca-em-barafundas-internacionais\/","title":{"rendered":"Uma Inglesa Carioca em Barafundas Internacionais"},"content":{"rendered":"\n<p>Deirdre, inglesa de Falmouth, viveu em muitos pa\u00edses. Suas experi\u00eancias culturais e afetivas em nosso pa\u00eds converteram-na em brasileira de cora\u00e7\u00e3o e sotaque. Tem talento para meter-se em confus\u00f5es e tenta extrair gra\u00e7a de todas elas.<\/p>\n","protected":false},"excerpt":{"rendered":"<p>Deirdre, inglesa de Falmouth, viveu em muitos pa\u00edses. Suas experi\u00eancias culturais e afetivas em nosso pa\u00eds converteram-na em brasileira de cora\u00e7\u00e3o e sotaque. Tem talento para meter-se em confus\u00f5es e tenta extrair gra\u00e7a de todas elas.<\/p>\n","protected":false},"author":1,"featured_media":144,"parent":43,"menu_order":2,"comment_status":"closed","ping_status":"closed","template":"","meta":{"_monsterinsights_skip_tracking":false,"_monsterinsights_sitenote_active":false,"_monsterinsights_sitenote_note":"","_monsterinsights_sitenote_category":0},"_links":{"self":[{"href":"https:\/\/manducasimoes.com.br\/index.php\/wp-json\/wp\/v2\/pages\/99"}],"collection":[{"href":"https:\/\/manducasimoes.com.br\/index.php\/wp-json\/wp\/v2\/pages"}],"about":[{"href":"https:\/\/manducasimoes.com.br\/index.php\/wp-json\/wp\/v2\/types\/page"}],"author":[{"embeddable":true,"href":"https:\/\/manducasimoes.com.br\/index.php\/wp-json\/wp\/v2\/users\/1"}],"replies":[{"embeddable":true,"href":"https:\/\/manducasimoes.com.br\/index.php\/wp-json\/wp\/v2\/comments?post=99"}],"version-history":[{"count":2,"href":"https:\/\/manducasimoes.com.br\/index.php\/wp-json\/wp\/v2\/pages\/99\/revisions"}],"predecessor-version":[{"id":150,"href":"https:\/\/manducasimoes.com.br\/index.php\/wp-json\/wp\/v2\/pages\/99\/revisions\/150"}],"up":[{"embeddable":true,"href":"https:\/\/manducasimoes.com.br\/index.php\/wp-json\/wp\/v2\/pages\/43"}],"wp:featuredmedia":[{"embeddable":true,"href":"https:\/\/manducasimoes.com.br\/index.php\/wp-json\/wp\/v2\/media\/144"}],"wp:attachment":[{"href":"https:\/\/manducasimoes.com.br\/index.php\/wp-json\/wp\/v2\/media?parent=99"}],"curies":[{"name":"wp","href":"https:\/\/api.w.org\/{rel}","templated":true}]}}